{"id":164,"date":"2022-04-14T16:50:45","date_gmt":"2022-04-14T15:50:45","guid":{"rendered":"https:\/\/akrar.eu\/?page_id=164"},"modified":"2025-05-23T15:51:04","modified_gmt":"2025-05-23T14:51:04","slug":"startseite","status":"publish","type":"page","link":"https:\/\/akrar.eu\/","title":{"rendered":"Startseite"},"content":{"rendered":"\n    \n    <section class=\"skrollable u-clearfix u-image u-shading u-section-2\" id=\"sec-eca5\" data-image-width=\"13334\" data-image-height=\"7501\" style=\"background-image: linear-gradient(0deg, rgba(0, 0, 0, 0.15), rgba(0, 0, 0, 0.15)), url(&quot;https:\/\/akrar.eu\/wp-content\/uploads\/2022\/07\/AgricultureTemplate-background.png&quot;);\">\n      <h2 class=\"u-text u-text-default u-text-palette-3-base u-text-1\" data-animation-name=\"customAnimationIn\" data-animation-duration=\"1000\" data-animation-delay=\"0\"> Gerneralvertrieb der Hersteller:<\/h2>\n      <div class=\"u-list u-list-1\">\n        <div class=\"u-repeater u-repeater-1\">\n          <div class=\"u-container-style u-list-item u-repeater-item u-white u-list-item-1\" data-animation-name=\"customAnimationIn\" data-animation-duration=\"1000\" data-animation-delay=\"1000\">\n            <div class=\"u-container-layout u-similar-container u-container-layout-1\">\n              <img decoding=\"async\" class=\"u-image u-image-default u-image-1\" src=\"https:\/\/akrar.eu\/wp-content\/uploads\/2022\/04\/CFS_Quer_mitSubline1.jpg\" alt=\"SUIRE Logo\" data-image-width=\"1024\" data-image-height=\"768\" data-href=\"https:\/\/akrar.eu\/?page_id=285\" title=\"CFS\">\n              <ul class=\"u-text u-text-palette-3-base u-text-2\">\n                <li>S\u00e4ger\u00e4te<\/li>\n                <li>Gr\u00fcnlandstriegel<\/li>\n                <li>Fr\u00e4sen<\/li>\n                <li>Kreiseleggen<\/li>\n                <li>Weinbautechnik<\/li>\n                <li>Sonderkulturtechnik<br>\n                <\/li>\n              <\/ul>\n            <\/div>\n          <\/div>\n          <div class=\"u-container-style u-list-item u-repeater-item u-white u-list-item-2\" data-animation-name=\"customAnimationIn\" data-animation-duration=\"1000\" data-animation-delay=\"1000\">\n            <div class=\"u-container-layout u-similar-container u-container-layout-2\">\n              <img decoding=\"async\" class=\"u-image u-image-default u-image-2\" src=\"https:\/\/akrar.eu\/wp-content\/uploads\/2022\/07\/zocon_logo_DEF-1.png\" alt=\"SUIRE Logo\" data-image-width=\"2008\" data-image-height=\"870\" data-href=\"https:\/\/akrar.eu\/?page_id=306\" title=\"Zocon\">\n              <ul class=\"u-text u-text-palette-3-base u-text-3\">\n                <li>Gr\u00fcnlandstriegel<\/li>\n                <li>Wiesenschleppen<\/li>\n                <li>S\u00e4ger\u00e4te<\/li>\n                <li>Kipper<\/li>\n                <li>Kehrmaschinen<\/li>\n                <li>Gummischieber<\/li>\n                <li>Ballenzangen<br>\n                <\/li>\n              <\/ul>\n            <\/div>\n          <\/div>\n          <div class=\"u-container-style u-list-item u-repeater-item u-white u-list-item-3\" data-animation-name=\"customAnimationIn\" data-animation-duration=\"1000\" data-animation-delay=\"1000\">\n            <div class=\"u-container-layout u-similar-container u-container-layout-3\">\n              <img decoding=\"async\" class=\"u-image u-image-default u-image-3\" src=\"https:\/\/akrar.eu\/wp-content\/uploads\/2022\/07\/suire1.png\" alt=\"SUIRE Logo\" data-image-width=\"1000\" data-image-height=\"591\" data-href=\"https:\/\/akrar.eu\/?page_id=295\" title=\"Suire\">\n              <ul class=\"u-text u-text-palette-3-base u-text-4\">\n                <li>Rollhacken<\/li>\n                <li>Einstreutechnik<\/li>\n                <li>Mulchger\u00e4te<br>\n                <\/li>\n              <\/ul>\n            <\/div>\n          <\/div>\n        <\/div>\n      <\/div>\n      <a href=\"https:\/\/akrar.eu\/?page_id=265\" class=\"u-align-center u-border-1 u-border-palette-2-base u-btn u-button-style u-gradient u-none u-radius u-text-hover-black u-btn-1\"> mehr erfahren&nbsp;<span class=\"u-icon u-text-palette-2-base u-icon-1\"><svg class=\"u-svg-content\" viewBox=\"0 0 490.667 490.667\" x=\"0px\" y=\"0px\" style=\"width: 1em; height: 1em;\"><path d=\"M466.201,237.781L231.534,3.115C229.55,1.131,226.841,0,224.003,0h-192c-4.309,0-8.213,2.603-9.856,6.592 s-0.725,8.555,2.304,11.627l227.136,227.115L24.451,472.448c-3.051,3.051-3.968,7.637-2.304,11.627 c1.664,3.989,5.547,6.592,9.856,6.592h192c2.837,0,5.547-1.131,7.552-3.115l234.667-234.667 C470.382,248.704,470.382,241.963,466.201,237.781z\"><\/path><\/svg><\/span>\n      <\/a>\n      <h2 class=\"u-text u-text-default u-text-5\" data-animation-name=\"customAnimationIn\" data-animation-duration=\"1000\" data-animation-delay=\"2000\"> weitere Partner:<\/h2>\n      <div class=\"u-list u-list-2\">\n        <div class=\"u-repeater u-repeater-2\">\n          <div class=\"u-align-center u-container-align-center u-container-style u-list-item u-repeater-item u-white u-list-item-4\" data-animation-name=\"customAnimationIn\" data-animation-duration=\"1000\" data-animation-delay=\"2000\">\n            <div class=\"u-container-layout u-similar-container u-valign-top u-container-layout-4\">\n              <img decoding=\"async\" class=\"u-expanded-width u-image u-image-default u-image-4\" src=\"https:\/\/akrar.eu\/wp-content\/uploads\/2022\/07\/lehner.png\" alt=\"\" data-image-width=\"1000\" data-image-height=\"591\" data-href=\"https:\/\/akrar.eu\/?page_id=705\" title=\"Lehner\">\n            <\/div>\n          <\/div>\n          <div class=\"u-align-center u-container-align-center u-container-style u-list-item u-repeater-item u-white u-list-item-5\" data-animation-name=\"customAnimationIn\" data-animation-duration=\"1000\" data-animation-delay=\"2000\">\n            <div class=\"u-container-layout u-similar-container u-valign-top u-container-layout-5\">\n              <img decoding=\"async\" class=\"u-expanded-width u-image u-image-default u-image-5\" src=\"https:\/\/akrar.eu\/wp-content\/uploads\/2022\/07\/adler.png\" alt=\"\" data-image-width=\"1000\" data-image-height=\"591\" data-href=\"https:\/\/akrar.eu\/?page_id=677\" title=\"Adler\">\n            <\/div>\n          <\/div>\n          <div class=\"u-align-center u-container-align-center u-container-style u-list-item u-repeater-item u-white u-list-item-6\" data-animation-name=\"customAnimationIn\" data-animation-duration=\"1000\" data-animation-delay=\"2000\">\n            <div class=\"u-container-layout u-similar-container u-valign-top u-container-layout-6\">\n              <img decoding=\"async\" class=\"u-expanded-width u-image u-image-default u-image-6\" src=\"https:\/\/akrar.eu\/wp-content\/uploads\/2022\/07\/Tractorbumper_logo_2_PNG.png\" alt=\"\" data-image-width=\"1203\" data-image-height=\"786\" data-href=\"https:\/\/akrar.eu\/?page_id=731\" title=\"Tractorbumper\">\n            <\/div>\n          <\/div>\n          <div class=\"u-align-center u-container-align-center u-container-style u-list-item u-repeater-item u-white u-list-item-7\" data-animation-name=\"customAnimationIn\" data-animation-duration=\"1000\" data-animation-delay=\"2000\">\n            <div class=\"u-container-layout u-similar-container u-valign-top u-container-layout-7\">\n              <img decoding=\"async\" class=\"u-expanded-width u-image u-image-default u-image-7\" src=\"https:\/\/akrar.eu\/wp-content\/uploads\/2022\/07\/tigges.png\" alt=\"\" data-image-width=\"1000\" data-image-height=\"591\" data-href=\"https:\/\/akrar.eu\/?page_id=755\" title=\"Tigges\">\n            <\/div>\n          <\/div>\n        <\/div>\n      <\/div>\n      <p class=\"u-align-center u-text u-text-6\" data-animation-name=\"customAnimationIn\" data-animation-duration=\"1000\" data-animation-delay=\"4000\">\n        <span style=\"font-weight: 700;\">Verkauf ausschlie\u00dflich&nbsp;<br>&nbsp;\u00fcber \u00f6rtlichen Fachhandel\n        <\/span>\n        <br>\n      <\/p>\n      <a href=\"https:\/\/akrar.eu\/?page_id=265\" class=\"u-align-center u-border-1 u-border-palette-2-base u-btn u-button-style u-gradient u-none u-radius u-text-hover-black u-btn-2\">mehr erfahren&nbsp;<span class=\"u-icon u-text-palette-2-base u-icon-2\"><svg class=\"u-svg-content\" viewBox=\"0 0 490.667 490.667\" x=\"0px\" y=\"0px\" style=\"width: 1em; height: 1em;\"><path d=\"M466.201,237.781L231.534,3.115C229.55,1.131,226.841,0,224.003,0h-192c-4.309,0-8.213,2.603-9.856,6.592 s-0.725,8.555,2.304,11.627l227.136,227.115L24.451,472.448c-3.051,3.051-3.968,7.637-2.304,11.627 c1.664,3.989,5.547,6.592,9.856,6.592h192c2.837,0,5.547-1.131,7.552-3.115l234.667-234.667 C470.382,248.704,470.382,241.963,466.201,237.781z\"><\/path><\/svg><\/span>\n      <\/a>\n    <\/section>\n    <section class=\"u-clearfix u-palette-3-base u-section-3\" id=\"carousel_cb0d\">\n      <div class=\"u-clearfix u-sheet u-valign-middle u-sheet-1\">\n        <div class=\"data-layout-selected u-clearfix u-expanded-width-md u-expanded-width-sm u-expanded-width-xs u-gutter-0 u-layout-wrap u-layout-wrap-1\">\n          <div class=\"u-layout\">\n            <div class=\"u-layout-row\">\n              <div class=\"u-container-style u-image u-image-default u-layout-cell u-left-cell u-size-30 u-image-1\" src=\"\" data-image-width=\"512\" data-image-height=\"768\" data-animation-name=\"flipIn\" data-animation-duration=\"1000\" data-animation-delay=\"1000\" data-animation-direction=\"X\" style=\"background-image: url(&quot;https:\/\/akrar.eu\/wp-content\/uploads\/2024\/05\/AK_02-web.jpg&quot;);\">\n                <div class=\"u-container-layout u-container-layout-1\"><\/div>\n              <\/div>\n              <div class=\"u-container-style u-layout-cell u-right-cell u-size-30 u-layout-cell-2\">\n                <div class=\"u-container-layout u-valign-bottom u-container-layout-2\">\n                  <div class=\"u-container-style u-group u-white u-group-1\" data-animation-name=\"flipIn\" data-animation-duration=\"1000\" data-animation-delay=\"0\" data-animation-direction=\"X\">\n                    <div class=\"u-container-layout u-container-layout-3\">\n                      <h2 class=\"u-text u-text-1\"> AKrar &nbsp;- &nbsp;mit K?<\/h2>\n                      <p class=\"u-text u-text-2\"> Man nehme meine Initialen von Alexander K\u00e4b und gestalte daraus eine treffende Firmenbezeichnung f\u00fcr ein Unternehmen im Agrarbusiness =&gt;&nbsp;ergibt AKrar<\/p>\n                      <a href=\"https:\/\/akrar.eu\/?page_id=222\" class=\"u-border-none u-btn u-button-style u-hover-palette-1-dark-1 u-palette-1-base u-btn-1\">Mehr \u00fcber AKrar<\/a>\n                    <\/div>\n                  <\/div>\n                <\/div>\n              <\/div>\n            <\/div>\n          <\/div>\n        <\/div>\n      <\/div>\n    <\/section>\n    <section class=\"u-clearfix u-palette-1-dark-1 u-section-4\" id=\"sec-7d0d\">\n      <div class=\"u-clearfix u-sheet u-sheet-1\">\n        <h3 class=\"u-align-center u-text u-text-default u-text-1\">Aktuelles &amp; Termine<\/h3>\n        <div class=\"u-expanded-width u-list u-list-1\">\n          <div class=\"u-repeater u-repeater-1\">\n            <div class=\"u-container-style u-list-item u-repeater-item u-video-cover u-white u-list-item-1\">\n              <div class=\"u-container-layout u-similar-container u-valign-top u-container-layout-1\">\n                <img decoding=\"async\" alt=\"\" class=\"u-expanded-width u-image u-image-default u-image-1\" data-image-width=\"3024\" data-image-height=\"4032\" src=\"https:\/\/akrar.eu\/wp-content\/uploads\/2024\/05\/IMG_0224-scaled.jpeg\">\n                <h3 class=\"u-text u-text-default u-text-2\">Karpfhamer Fest<\/h3>\n                <h5 class=\"u-text u-text-default u-text-3\">29. August - 02. September 2025<\/h5>\n                <p class=\"u-text u-text-default u-text-4\"> Freigel\u00e4nde Landtechnik Nord, Stand Nummer 3207<\/p>\n              <\/div>\n            <\/div>\n            <div class=\"u-container-style u-list-item u-repeater-item u-white u-list-item-2\">\n              <div class=\"u-container-layout u-similar-container u-valign-top u-container-layout-2\">\n                <img decoding=\"async\" alt=\"\" class=\"u-expanded-width u-image u-image-default u-image-2\" data-image-width=\"1366\" data-image-height=\"1025\" src=\"https:\/\/akrar.eu\/wp-content\/uploads\/2024\/05\/IMG_9779-web-1.jpg\">\n                <h3 class=\"u-text u-text-default u-text-5\"> Johannitag<\/h3>\n                <h5 class=\"u-text u-text-default u-text-6\">29. Juni 2025<\/h5>\n                <p class=\"u-text u-text-default u-text-7\"> Landwirtschaftliche Lehranstalten Triesdorf<\/p>\n              <\/div>\n            <\/div>\n          <\/div>\n        <\/div>\n      <\/div>\n    <\/section>\n    <section class=\"u-clearfix u-image u-section-5\" id=\"carousel_5657\" data-image-width=\"150\" data-image-height=\"84\" style=\"background-image: url(&quot;https:\/\/akrar.eu\/wp-content\/uploads\/2022\/07\/AgricultureTemplate-background.png&quot;);\">\n      <div class=\"u-palette-4-base u-shape u-shape-rectangle u-shape-1\" data-animation-name=\"customAnimationIn\" data-animation-duration=\"1500\" data-animation-delay=\"750\"><\/div>\n      <div class=\"custom-expanded u-container-style u-group u-white u-group-1\" data-animation-name=\"customAnimationIn\" data-animation-duration=\"1500\" data-animation-delay=\"500\">\n        <div class=\"u-container-layout u-container-layout-1\">\n          <h1 class=\"u-align-left u-text u-text-1\">Unsere Anzeigen&nbsp;<br>auf Technikb\u00f6rse &amp; Kleinanzeigen\n          <\/h1>\n          <a href=\"https:\/\/akrar.eu\/?page_id=513\" class=\"u-border-none u-btn u-button-style u-hover-palette-1-dark-1 u-palette-1-base u-btn-1\">Zu den Inseraten<\/a>\n        <\/div>\n      <\/div>\n      <img decoding=\"async\" class=\"u-image u-image-default u-image-1\" src=\"https:\/\/akrar.eu\/wp-content\/uploads\/2024\/05\/AKrar-hand.png\" alt=\"\" data-image-width=\"1112\" data-image-height=\"418\" data-animation-name=\"customAnimationIn\" data-animation-duration=\"1000\" data-animation-delay=\"1000\">\n    <\/section>\n    \n    \n    \n  \n","protected":false},"excerpt":{"rendered":"<p>Gerneralvertrieb der Hersteller: S\u00e4ger\u00e4te Gr\u00fcnlandstriegel Fr\u00e4sen Kreiseleggen Weinbautechnik Sonderkulturtechnik Gr\u00fcnlandstriegel Wiesenschleppen S\u00e4ger\u00e4te Kipper Kehrmaschinen Gummischieber Ballenzangen Rollhacken Einstreutechnik Mulchger\u00e4te mehr erfahren&nbsp; weitere Partner: Verkauf ausschlie\u00dflich&nbsp;&nbsp;\u00fcber \u00f6rtlichen Fachhandel mehr erfahren&nbsp; AKrar &nbsp;&#8211; &nbsp;mit K? Man nehme meine Initialen von Alexander K\u00e4b und gestalte daraus eine treffende Firmenbezeichnung f\u00fcr ein Unternehmen im Agrarbusiness =&gt;&nbsp;ergibt AKrar Mehr \u00fcber &hellip; <a href=\"https:\/\/akrar.eu\/\" class=\"more-link\">Continue reading<span class=\"screen-reader-text\"> &#8222;Startseite&#8220;<\/span><\/a><\/p>\n","protected":false},"author":2,"featured_media":0,"parent":0,"menu_order":3,"comment_status":"closed","ping_status":"closed","template":"","meta":{"_monsterinsights_skip_tracking":false,"_monsterinsights_sitenote_active":false,"_monsterinsights_sitenote_note":"","_monsterinsights_sitenote_category":0,"footnotes":""},"class_list":["post-164","page","type-page","status-publish","hentry"],"aioseo_notices":[],"_links":{"self":[{"href":"https:\/\/akrar.eu\/index.php?rest_route=\/wp\/v2\/pages\/164","targetHints":{"allow":["GET"]}}],"collection":[{"href":"https:\/\/akrar.eu\/index.php?rest_route=\/wp\/v2\/pages"}],"about":[{"href":"https:\/\/akrar.eu\/index.php?rest_route=\/wp\/v2\/types\/page"}],"author":[{"embeddable":true,"href":"https:\/\/akrar.eu\/index.php?rest_route=\/wp\/v2\/users\/2"}],"replies":[{"embeddable":true,"href":"https:\/\/akrar.eu\/index.php?rest_route=%2Fwp%2Fv2%2Fcomments&post=164"}],"version-history":[{"count":25,"href":"https:\/\/akrar.eu\/index.php?rest_route=\/wp\/v2\/pages\/164\/revisions"}],"predecessor-version":[{"id":909,"href":"https:\/\/akrar.eu\/index.php?rest_route=\/wp\/v2\/pages\/164\/revisions\/909"}],"wp:attachment":[{"href":"https:\/\/akrar.eu\/index.php?rest_route=%2Fwp%2Fv2%2Fmedia&parent=164"}],"curies":[{"name":"wp","href":"https:\/\/api.w.org\/{rel}","templated":true}]}}