{"id":265,"date":"2024-05-09T23:46:47","date_gmt":"2024-05-09T22:46:47","guid":{"rendered":"https:\/\/akrar.eu\/?page_id=265"},"modified":"2024-07-17T22:00:07","modified_gmt":"2024-07-17T21:00:07","slug":"vertrieb-2","status":"publish","type":"page","link":"https:\/\/akrar.eu\/?page_id=265","title":{"rendered":"Vertrieb"},"content":{"rendered":"\n    \n    <section class=\"skrollable u-clearfix u-image u-shading u-section-2\" id=\"sec-eca5\" data-image-width=\"13334\" data-image-height=\"7501\" style=\"background-image: linear-gradient(0deg, rgba(0, 0, 0, 0.15), rgba(0, 0, 0, 0.15)), url(&quot;https:\/\/akrar.eu\/wp-content\/uploads\/2022\/07\/AgricultureTemplate-background.png&quot;);\">\n      <h2 class=\"u-text u-text-default u-text-palette-3-base u-text-1\"> Gerneralvertrieb der Hersteller:<\/h2>\n      <div class=\"u-list u-list-1\">\n        <div class=\"u-repeater u-repeater-1\">\n          <div class=\"u-container-style u-list-item u-repeater-item u-white u-list-item-1\">\n            <div class=\"u-container-layout u-similar-container u-container-layout-1\">\n              <img decoding=\"async\" class=\"u-image u-image-default u-image-1\" src=\"https:\/\/akrar.eu\/wp-content\/uploads\/2022\/04\/CFS_Quer_mitSubline1.jpg\" alt=\"SUIRE Logo\" data-image-width=\"1024\" data-image-height=\"768\" data-href=\"https:\/\/akrar.eu\/?page_id=285\" title=\"CFS\">\n              <a href=\"https:\/\/akrar.eu\/?page_id=285\" class=\"u-border-none u-btn u-button-style u-hover-palette-1-dark-1 u-palette-1-base u-btn-1\">Mehr erfahren<\/a>\n            <\/div>\n          <\/div>\n          <div class=\"u-container-style u-list-item u-repeater-item u-white u-list-item-2\">\n            <div class=\"u-container-layout u-similar-container u-container-layout-2\">\n              <img decoding=\"async\" class=\"u-image u-image-default u-image-2\" src=\"https:\/\/akrar.eu\/wp-content\/uploads\/2022\/07\/zocon_logo_DEF-1.png\" alt=\"SUIRE Logo\" data-image-width=\"2008\" data-image-height=\"870\" data-href=\"https:\/\/akrar.eu\/?page_id=306\" title=\"Zocon\">\n              <a href=\"https:\/\/akrar.eu\/?page_id=295\" class=\"u-border-none u-btn u-button-style u-hover-palette-1-dark-1 u-palette-1-base u-btn-2\">Mehr erfahren<\/a>\n            <\/div>\n          <\/div>\n          <div class=\"u-container-style u-list-item u-repeater-item u-white u-list-item-3\">\n            <div class=\"u-container-layout u-similar-container u-container-layout-3\">\n              <img decoding=\"async\" class=\"u-image u-image-default u-image-3\" src=\"https:\/\/akrar.eu\/wp-content\/uploads\/2022\/07\/suire1.png\" alt=\"SUIRE Logo\" data-image-width=\"1000\" data-image-height=\"591\" data-href=\"https:\/\/akrar.eu\/?page_id=295\" title=\"Suire\">\n              <a href=\"https:\/\/akrar.eu\/?page_id=306\" class=\"u-border-none u-btn u-button-style u-hover-palette-1-dark-1 u-palette-1-base u-btn-3\">Mehr erfahren<\/a>\n            <\/div>\n          <\/div>\n        <\/div>\n      <\/div>\n      <h2 class=\"u-text u-text-default u-text-2\"> weitere Partner:<\/h2>\n      <div class=\"u-list u-list-2\">\n        <div class=\"u-repeater u-repeater-2\">\n          <div class=\"u-align-center u-container-style u-list-item u-repeater-item u-white\">\n            <div class=\"u-container-layout u-similar-container u-valign-top u-container-layout-4\">\n              <img decoding=\"async\" class=\"u-expanded-width u-image u-image-default u-image-4\" src=\"https:\/\/akrar.eu\/wp-content\/uploads\/2022\/07\/lehner.png\" alt=\"\" data-image-width=\"1000\" data-image-height=\"591\" data-href=\"https:\/\/akrar.eu\/?page_id=705\" title=\"Lehner\">\n              <a href=\"#\" class=\"u-align-center u-border-none u-btn u-button-style u-hover-palette-1-dark-1 u-palette-1-base u-btn-4\"> Mehr erfahren<\/a>\n            <\/div>\n          <\/div>\n          <div class=\"u-align-center u-container-style u-list-item u-repeater-item u-white\">\n            <div class=\"u-container-layout u-similar-container u-valign-top u-container-layout-5\">\n              <img decoding=\"async\" class=\"u-expanded-width u-image u-image-default u-image-5\" src=\"https:\/\/akrar.eu\/wp-content\/uploads\/2022\/07\/adler.png\" alt=\"\" data-image-width=\"1000\" data-image-height=\"591\" data-href=\"https:\/\/akrar.eu\/?page_id=677\" title=\"Adler\">\n              <a href=\"#\" class=\"u-align-center u-border-none u-btn u-button-style u-hover-palette-1-dark-1 u-palette-1-base u-btn-5\"> Mehr erfahren<\/a>\n            <\/div>\n          <\/div>\n          <div class=\"u-align-center u-container-style u-list-item u-repeater-item u-white\">\n            <div class=\"u-container-layout u-similar-container u-valign-top u-container-layout-6\">\n              <img decoding=\"async\" class=\"u-expanded-width u-image u-image-default u-image-6\" src=\"https:\/\/akrar.eu\/wp-content\/uploads\/2022\/07\/Tractorbumper_logo_2_PNG.png\" alt=\"\" data-image-width=\"1203\" data-image-height=\"786\" data-href=\"https:\/\/akrar.eu\/?page_id=731\" title=\"Tractorbumper\">\n              <a href=\"#\" class=\"u-align-center u-border-none u-btn u-button-style u-hover-palette-1-dark-1 u-palette-1-base u-btn-6\"> Mehr erfahren<\/a>\n            <\/div>\n          <\/div>\n          <div class=\"u-align-center u-container-style u-list-item u-repeater-item u-white\">\n            <div class=\"u-container-layout u-similar-container u-valign-top u-container-layout-7\">\n              <img decoding=\"async\" class=\"u-expanded-width u-image u-image-default u-image-7\" src=\"https:\/\/akrar.eu\/wp-content\/uploads\/2022\/07\/tigges.png\" alt=\"\" data-image-width=\"1000\" data-image-height=\"591\" data-href=\"https:\/\/akrar.eu\/?page_id=755\" title=\"Tigges\">\n              <a href=\"#\" class=\"u-align-center u-border-none u-btn u-button-style u-hover-palette-1-dark-1 u-palette-1-base u-btn-7\"> Mehr erfahren<\/a>\n            <\/div>\n          <\/div>\n        <\/div>\n      <\/div>\n      <p class=\"u-align-center u-text u-text-3\">\n        <span style=\"font-weight: 700;\">Verkauf ausschlie\u00dflich&nbsp;<br>&nbsp;\u00fcber \u00f6rtlichen Fachhandel\n        <\/span>\n        <br>\n      <\/p>\n    <\/section>\n    \n    \n    \n  \n","protected":false},"excerpt":{"rendered":"<p>Gerneralvertrieb der Hersteller: Mehr erfahren Mehr erfahren Mehr erfahren weitere Partner: Mehr erfahren Mehr erfahren Mehr erfahren Mehr erfahren Verkauf ausschlie\u00dflich&nbsp;&nbsp;\u00fcber \u00f6rtlichen Fachhandel<\/p>\n","protected":false},"author":2,"featured_media":0,"parent":0,"menu_order":0,"comment_status":"closed","ping_status":"closed","template":"","meta":{"_monsterinsights_skip_tracking":false,"_monsterinsights_sitenote_active":false,"_monsterinsights_sitenote_note":"","_monsterinsights_sitenote_category":0,"footnotes":""},"class_list":["post-265","page","type-page","status-publish","hentry"],"aioseo_notices":[],"_links":{"self":[{"href":"https:\/\/akrar.eu\/index.php?rest_route=\/wp\/v2\/pages\/265","targetHints":{"allow":["GET"]}}],"collection":[{"href":"https:\/\/akrar.eu\/index.php?rest_route=\/wp\/v2\/pages"}],"about":[{"href":"https:\/\/akrar.eu\/index.php?rest_route=\/wp\/v2\/types\/page"}],"author":[{"embeddable":true,"href":"https:\/\/akrar.eu\/index.php?rest_route=\/wp\/v2\/users\/2"}],"replies":[{"embeddable":true,"href":"https:\/\/akrar.eu\/index.php?rest_route=%2Fwp%2Fv2%2Fcomments&post=265"}],"version-history":[{"count":10,"href":"https:\/\/akrar.eu\/index.php?rest_route=\/wp\/v2\/pages\/265\/revisions"}],"predecessor-version":[{"id":843,"href":"https:\/\/akrar.eu\/index.php?rest_route=\/wp\/v2\/pages\/265\/revisions\/843"}],"wp:attachment":[{"href":"https:\/\/akrar.eu\/index.php?rest_route=%2Fwp%2Fv2%2Fmedia&parent=265"}],"curies":[{"name":"wp","href":"https:\/\/api.w.org\/{rel}","templated":true}]}}