{"id":513,"date":"2024-05-15T09:06:06","date_gmt":"2024-05-15T08:06:06","guid":{"rendered":"https:\/\/akrar.eu\/?page_id=513"},"modified":"2024-07-17T21:56:50","modified_gmt":"2024-07-17T20:56:50","slug":"inserate","status":"publish","type":"page","link":"https:\/\/akrar.eu\/?page_id=513","title":{"rendered":"Inserate"},"content":{"rendered":"\n    \n    <section class=\"u-clearfix u-palette-2-base u-section-2\" id=\"carousel_5111\">\n      <div class=\"u-clearfix u-sheet u-sheet-1\">\n        <div class=\"u-expanded-width-sm u-shape u-shape-svg u-text-palette-1-base u-shape-1\" data-animation-name=\"customAnimationIn\" data-animation-duration=\"1500\" data-animation-delay=\"250\">\n          <svg class=\"u-svg-link\" preserveAspectRatio=\"none\" viewBox=\"0 0 160 160\" style=\"\"><use xlink:href=\"#svg-b716\"><\/use><\/svg>\n          <svg class=\"u-svg-content\" viewBox=\"0 0 160 160\" x=\"0px\" y=\"0px\" id=\"svg-b716\"><path d=\"M157.4,45.5c11.3-39.1-16.3-50.2-43.8-43.8c-25.2,5.8-35.5,17.2-61,16.5C21.7,17.4,0,39.8,0,71.3\n\tc0,49.1,58.2,47.8,76.2,68.5c38.8,44.7,92.8,8.2,79.3-40.3C148.1,73.2,155.9,50.6,157.4,45.5z\"><\/path><\/svg>\n        <\/div>\n        <div class=\"u-shape u-shape-svg u-text-palette-4-base u-shape-2\" data-animation-name=\"customAnimationIn\" data-animation-duration=\"1500\" data-animation-delay=\"0\">\n          <svg class=\"u-svg-link\" preserveAspectRatio=\"none\" viewBox=\"0 0 160 150\" style=\"\"><use xlink:href=\"#svg-58d1\"><\/use><\/svg>\n          <svg class=\"u-svg-content\" viewBox=\"0 0 160 150\" x=\"0px\" y=\"0px\" id=\"svg-58d1\"><path d=\"M43.2,126.9c14.2,1.3,27.6,7,39.1,15.6c8.3,6.1,19.4,10.3,32.7,5.3c11.7-4.4,18.6-17.4,21-30.2c2.6-13.3,8.1-25.9,15.7-37.1\n\tc8.3-12.1,10.8-27.9,5.3-42.7C150.5,20.3,134.6,9,117,7.6C107.9,6.9,98.8,5,90.1,1.9C83-0.6,75-0.7,67.4,2.1\n\tc-9.9,3.7-17,11.6-20.1,21c-3.3,10.1-10.9,18-20.6,22.2c-0.1,0-0.1,0.1-0.2,0.1c-20.3,8.9-31,32-24.6,53.2\n\tC6.9,115.6,25.2,125.2,43.2,126.9z\"><\/path><\/svg>\n        <\/div>\n        <div class=\"u-image u-image-circle u-image-1\" alt=\"\" data-image-width=\"4032\" data-image-height=\"3024\" data-animation-name=\"flipIn\" data-animation-duration=\"1500\" data-animation-direction=\"X\" data-animation-delay=\"750\" style=\"background-image: url(&quot;https:\/\/akrar.eu\/wp-content\/uploads\/2024\/05\/IMG_9042-scaled.jpg&quot;);\"><\/div>\n        <div class=\"u-container-style u-expanded-width-sm u-expanded-width-xs u-group u-radius-24 u-shape-round u-white u-group-1\" data-animation-name=\"customAnimationIn\" data-animation-duration=\"1500\" data-animation-delay=\"750\">\n          <div class=\"u-container-layout u-container-layout-1\">\n            <h2 class=\"u-text u-text-palette-1-base u-text-1\">Inserate <\/h2>\n            <h4 class=\"u-text u-text-palette-1-base u-text-2\">\n              <font color=\"#a8a632\">\n                <span style=\"caret-color: rgb(168, 166, 50);\"><\/span>\n              <\/font>St\u00f6bern Sie durch unsere Inserate auf Kleinanzeigen und Technikb\u00f6rse<br>Informieren Sie sich zu besonderen Highlights, aktuellen Angeboten, Lager- und Vorf\u00fchrmaschinen aus unserem Programm.\n            <\/h4>\n            <p class=\"u-text u-text-3\"> Bitte beachten Sie: Der tats\u00e4chliche Standort der Maschine kann von der angegeben B\u00fcro-Anschrift im Inserat abweichen. Daher bitte vor Besichtigung der Maschine unbedingt R\u00fccksprache mit uns bez\u00fcglich des tats\u00e4chlichen Standortes der Maschine halten.<\/p>\n          <\/div>\n        <\/div>\n      <\/div>\n    <\/section>\n    <section class=\"u-clearfix u-section-3\" id=\"carousel_91b6\">\n      <div class=\"u-clearfix u-sheet u-sheet-1\">\n        <h2 class=\"u-align-center u-text u-text-1\">Maschinen auf Kleinanzeigen<\/h2>\n        <img decoding=\"async\" class=\"u-image u-image-circle u-image-contain u-image-1\" src=\"https:\/\/akrar.eu\/wp-content\/uploads\/2024\/05\/logo-mobile-kleinanzeigen.1x0pahqxgxyso.svg\" alt=\"\" data-image-width=\"452\" data-image-height=\"485\">\n        <div class=\"data-layout-selected u-clearfix u-gutter-34 u-layout-wrap u-layout-wrap-1\">\n          <div class=\"u-gutter-0 u-layout\">\n            <div class=\"u-layout-row\">\n              <div class=\"u-size-60\">\n                <div class=\"u-layout-col\">\n                  <div class=\"u-container-style u-layout-cell u-left-cell u-size-60 u-layout-cell-1\" data-animation-name=\"fadeIn\" data-animation-duration=\"1000\" data-animation-delay=\"0\">\n                    <div class=\"u-container-layout u-valign-top u-container-layout-1\">\n                      <a href=\"https:\/\/www.kleinanzeigen.de\/pro\/akrar\" class=\"u-active-palette-2-base u-align-left u-border-2 u-border-active-palette-2-base u-border-hover-palette-1-base u-border-white u-btn u-button-style u-hover-white u-palette-1-base u-text-active-palette-2-base u-text-body-alt-color u-text-hover-palette-1-base u-btn-1\" target=\"_blank\">Ansehen<\/a>\n                    <\/div>\n                  <\/div>\n                <\/div>\n              <\/div>\n            <\/div>\n          <\/div>\n        <\/div>\n        <div class=\"u-border-3 u-border-grey-dark-1 u-line u-line-horizontal u-line-1\"><\/div>\n      <\/div>\n    <\/section>\n    <section class=\"u-clearfix u-white u-section-4\" id=\"carousel_4b3d\">\n      <div class=\"u-clearfix u-sheet u-sheet-1\">\n        <img decoding=\"async\" class=\"u-image u-image-circle u-preserve-proportions u-image-1\" src=\"https:\/\/akrar.eu\/wp-content\/uploads\/2024\/05\/unnamed.png\" alt=\"\" data-image-width=\"512\" data-image-height=\"512\">\n        <h2 class=\"u-align-center u-text u-text-1\">Maschinen bei Technikb\u00f6rse<\/h2>\n      <\/div>\n    <\/section>\n    <section class=\"u-clearfix u-section-5\" id=\"sec-9d75\">\n      <div class=\"u-clearfix u-sheet u-sheet-1\">\n        <div class=\"custom-expanded u-clearfix u-custom-html u-custom-html-1\">\n          <iframe allow=\"web-share\" id=\"tbframe\" style=\"width: 100%;min-height:800px\" src=\"https:\/\/dealersites.technikboerse.com\/gebraucht?dealerid=49022831\" frameborder=\"0\" allowfullscreen=\"\"><\/iframe>\n        <\/div>\n      <\/div>\n    <\/section>\n    \n    \n    \n  \n","protected":false},"excerpt":{"rendered":"<p>Inserate St\u00f6bern Sie durch unsere Inserate auf Kleinanzeigen und Technikb\u00f6rseInformieren Sie sich zu besonderen Highlights, aktuellen Angeboten, Lager- und Vorf\u00fchrmaschinen aus unserem Programm. Bitte beachten Sie: Der tats\u00e4chliche Standort der Maschine kann von der angegeben B\u00fcro-Anschrift im Inserat abweichen. Daher bitte vor Besichtigung der Maschine unbedingt R\u00fccksprache mit uns bez\u00fcglich des tats\u00e4chlichen Standortes der Maschine &hellip; <a href=\"https:\/\/akrar.eu\/?page_id=513\" class=\"more-link\">Continue reading<span class=\"screen-reader-text\"> &#8222;Inserate&#8220;<\/span><\/a><\/p>\n","protected":false},"author":1,"featured_media":0,"parent":0,"menu_order":0,"comment_status":"closed","ping_status":"closed","template":"","meta":{"_monsterinsights_skip_tracking":false,"_monsterinsights_sitenote_active":false,"_monsterinsights_sitenote_note":"","_monsterinsights_sitenote_category":0,"footnotes":""},"class_list":["post-513","page","type-page","status-publish","hentry"],"aioseo_notices":[],"_links":{"self":[{"href":"https:\/\/akrar.eu\/index.php?rest_route=\/wp\/v2\/pages\/513","targetHints":{"allow":["GET"]}}],"collection":[{"href":"https:\/\/akrar.eu\/index.php?rest_route=\/wp\/v2\/pages"}],"about":[{"href":"https:\/\/akrar.eu\/index.php?rest_route=\/wp\/v2\/types\/page"}],"author":[{"embeddable":true,"href":"https:\/\/akrar.eu\/index.php?rest_route=\/wp\/v2\/users\/1"}],"replies":[{"embeddable":true,"href":"https:\/\/akrar.eu\/index.php?rest_route=%2Fwp%2Fv2%2Fcomments&post=513"}],"version-history":[{"count":16,"href":"https:\/\/akrar.eu\/index.php?rest_route=\/wp\/v2\/pages\/513\/revisions"}],"predecessor-version":[{"id":837,"href":"https:\/\/akrar.eu\/index.php?rest_route=\/wp\/v2\/pages\/513\/revisions\/837"}],"wp:attachment":[{"href":"https:\/\/akrar.eu\/index.php?rest_route=%2Fwp%2Fv2%2Fmedia&parent=513"}],"curies":[{"name":"wp","href":"https:\/\/api.w.org\/{rel}","templated":true}]}}