{"id":731,"date":"2024-06-26T15:02:15","date_gmt":"2024-06-26T14:02:15","guid":{"rendered":"https:\/\/akrar.eu\/?page_id=731"},"modified":"2024-07-17T21:59:30","modified_gmt":"2024-07-17T20:59:30","slug":"tractorbumper-3","status":"publish","type":"page","link":"https:\/\/akrar.eu\/?page_id=731","title":{"rendered":"Tractorbumper"},"content":{"rendered":"\n    \n    <section class=\"u-clearfix u-image u-section-2\" id=\"carousel_25cb\" data-image-width=\"4032\" data-image-height=\"3024\" style=\"background-image: url(&quot;https:\/\/akrar.eu\/wp-content\/uploads\/2024\/06\/TractorBumperAKrarValtra-scaled.jpg&quot;);\">\n      <div class=\"u-clearfix u-sheet u-sheet-1\">\n        <div class=\"custom-expanded u-align-left u-container-style u-group u-white u-group-1\" data-animation-name=\"customAnimationIn\" data-animation-duration=\"1500\" data-animation-delay=\"500\">\n          <div class=\"u-container-layout u-container-layout-1\">\n            <img decoding=\"async\" class=\"u-image u-image-default u-image-1\" src=\"https:\/\/akrar.eu\/wp-content\/uploads\/2024\/06\/tractorbumper.png\" alt=\"\" data-image-width=\"1000\" data-image-height=\"591\">\n            <h3 class=\"u-align-center u-text u-text-1\"> Der Unterfahrschutz f\u00fcr die Fronthydraulik<\/h3>\n          <\/div>\n        <\/div>\n      <\/div>\n    <\/section>\n    <section class=\"u-clearfix u-palette-1-base u-section-3\" id=\"sec-f2ae\">\n      <div class=\"u-clearfix u-sheet u-sheet-1\">\n        <div class=\"custom-expanded data-layout-selected u-clearfix u-gutter-10 u-layout-wrap u-layout-wrap-1\">\n          <div class=\"u-gutter-0 u-layout\">\n            <div class=\"u-layout-row\">\n              <div class=\"u-size-30 u-size-60-md\">\n                <div class=\"u-layout-col\">\n                  <div class=\"u-align-left u-container-style u-layout-cell u-right-cell u-size-60 u-white u-layout-cell-1\">\n                    <div class=\"u-container-layout u-container-layout-1\">\n                      <h4 class=\"u-text u-text-1\"> Der Unterfahrschutz f\u00fcr die Fronthydraulik<br>sicher \u2013 praktisch \u2013 funktional \u2013 stylisch\n                      <\/h4>\n                      <h5 class=\"u-text u-text-2\"> Erh\u00e4ltlich in den Ausf\u00fchrungen:<\/h5>\n                      <ul class=\"u-text u-text-3\">\n                        <li> Basic (Unterfahrschutz mit kleiner Staukiste)<\/li>\n                        <li>Premium (Unterfahrschutz mit gro\u00dfer Staukiste)<\/li>\n                        <li>Connect (Unterfahrschutz zum Anschrauben an Frontgewicht)<\/li>\n                        <li>SafetyWeight 300kg bis 1.100kg (Frontgewicht mit Unterfahrschutz und integrierter Staukiste)<\/li>\n                        <li>SafetyWeight Plus 1.300 kg bis 2.500 kg (Frontgewicht mit Unterfahrschutz und integrierter Staukiste)<\/li>\n                      <\/ul>\n                      <a href=\"https:\/\/tractorbumper.com\/de\/\" class=\"u-border-none u-btn u-button-style u-hover-palette-1-dark-1 u-palette-1-base u-btn-1\" target=\"_blank\">www.tractorbumper.com\/de<\/a>\n                    <\/div>\n                  <\/div>\n                <\/div>\n              <\/div>\n              <div class=\"u-size-30 u-size-60-md\">\n                <div class=\"u-layout-col\">\n                  <div class=\"u-size-60\">\n                    <div class=\"u-layout-row\">\n                      <div class=\"u-align-left u-container-style u-layout-cell u-size-60 u-layout-cell-2\" src=\"\">\n                        <div class=\"u-container-layout u-valign-bottom u-container-layout-2\" src=\"\">\n                          <div class=\"u-carousel u-expanded-width u-gallery u-gallery-slider u-layout-carousel u-lightbox u-no-transition u-show-text-on-hover u-gallery-1\" id=\"carousel-5cca\" data-interval=\"5000\" data-u-ride=\"carousel\">\n                            <ol class=\"u-absolute-hcenter u-carousel-indicators u-carousel-indicators-1\">\n                              <li data-u-target=\"#carousel-5cca\" data-u-slide-to=\"0\" class=\"u-active u-grey-70 u-shape-circle\" style=\"width: 10px; height: 10px;\"><\/li>\n                              <li data-u-target=\"#carousel-5cca\" data-u-slide-to=\"1\" class=\"u-grey-70 u-shape-circle\" style=\"width: 10px; height: 10px;\"><\/li>\n                              <li data-u-target=\"#carousel-5cca\" data-u-slide-to=\"2\" class=\"u-grey-70 u-shape-circle\" style=\"width: 10px; height: 10px;\"><\/li>\n                              <li data-u-target=\"#carousel-5cca\" data-u-slide-to=\"3\" class=\"u-grey-70 u-shape-circle\" style=\"width: 10px; height: 10px;\"><\/li>\n                            <\/ol>\n                            <div class=\"u-carousel-inner u-gallery-inner\" role=\"listbox\">\n                              <div class=\"u-active u-carousel-item u-effect-fade u-gallery-item u-carousel-item-1\">\n                                <div class=\"u-back-slide\" data-image-width=\"2048\" data-image-height=\"1536\">\n                                  <img decoding=\"async\" class=\"u-back-image u-expanded\" src=\"https:\/\/akrar.eu\/wp-content\/uploads\/2024\/06\/TractorBumper3.jpg\">\n                                <\/div>\n                                <div class=\"u-align-center u-over-slide u-shading u-valign-bottom u-over-slide-1\"><\/div>\n                              <\/div>\n                              <div class=\"u-carousel-item u-effect-fade u-gallery-item u-carousel-item-2\">\n                                <div class=\"u-back-slide\" data-image-width=\"1623\" data-image-height=\"1080\">\n                                  <img decoding=\"async\" class=\"u-back-image u-expanded\" src=\"https:\/\/akrar.eu\/wp-content\/uploads\/2024\/06\/TractorBumper1.jpg\">\n                                <\/div>\n                                <div class=\"u-align-center u-over-slide u-shading u-valign-bottom u-over-slide-2\"><\/div>\n                              <\/div>\n                              <div class=\"u-carousel-item u-effect-fade u-gallery-item u-carousel-item-3\" data-image-width=\"2048\" data-image-height=\"1536\">\n                                <div class=\"u-back-slide\">\n                                  <img decoding=\"async\" class=\"u-back-image u-expanded\" src=\"https:\/\/akrar.eu\/wp-content\/uploads\/2024\/06\/TractorBumperLLABayreuthII.jpg\">\n                                <\/div>\n                                <div class=\"u-align-center u-over-slide u-shading u-valign-bottom u-over-slide-3\"><\/div>\n                                <style data-mode=\"XL\"><\/style>\n                                <style data-mode=\"LG\"><\/style>\n                                <style data-mode=\"MD\"><\/style>\n                                <style data-mode=\"SM\"><\/style>\n                                <style data-mode=\"XS\"><\/style>\n                              <\/div>\n                              <div class=\"u-carousel-item u-effect-fade u-gallery-item u-carousel-item-4\" data-image-width=\"2560\" data-image-height=\"1920\">\n                                <div class=\"u-back-slide\">\n                                  <img decoding=\"async\" class=\"u-back-image u-expanded\" src=\"https:\/\/akrar.eu\/wp-content\/uploads\/2024\/06\/TractorBumperAKrarNH-scaled.jpeg\">\n                                <\/div>\n                                <div class=\"u-align-center u-over-slide u-shading u-valign-bottom u-over-slide-4\"><\/div>\n                                <style data-mode=\"XL\"><\/style>\n                                <style data-mode=\"LG\"><\/style>\n                                <style data-mode=\"MD\"><\/style>\n                                <style data-mode=\"SM\"><\/style>\n                                <style data-mode=\"XS\"><\/style>\n                              <\/div>\n                            <\/div>\n                            <a class=\"u-absolute-vcenter u-carousel-control u-carousel-control-prev u-grey-70 u-icon-circle u-opacity u-opacity-70 u-spacing-10 u-text-white u-carousel-control-1\" href=\"#carousel-5cca\" role=\"button\" data-u-slide=\"prev\">\n                              <span aria-hidden=\"true\">\n                                <svg viewBox=\"0 0 451.847 451.847\"><path d=\"M97.141,225.92c0-8.095,3.091-16.192,9.259-22.366L300.689,9.27c12.359-12.359,32.397-12.359,44.751,0\nc12.354,12.354,12.354,32.388,0,44.748L173.525,225.92l171.903,171.909c12.354,12.354,12.354,32.391,0,44.744\nc-12.354,12.365-32.386,12.365-44.745,0l-194.29-194.281C100.226,242.115,97.141,234.018,97.141,225.92z\"><\/path><\/svg>\n                              <\/span>\n                              <span class=\"sr-only\">\n                                <svg viewBox=\"0 0 451.847 451.847\"><path d=\"M97.141,225.92c0-8.095,3.091-16.192,9.259-22.366L300.689,9.27c12.359-12.359,32.397-12.359,44.751,0\nc12.354,12.354,12.354,32.388,0,44.748L173.525,225.92l171.903,171.909c12.354,12.354,12.354,32.391,0,44.744\nc-12.354,12.365-32.386,12.365-44.745,0l-194.29-194.281C100.226,242.115,97.141,234.018,97.141,225.92z\"><\/path><\/svg>\n                              <\/span>\n                            <\/a>\n                            <a class=\"u-absolute-vcenter u-carousel-control u-carousel-control-next u-grey-70 u-icon-circle u-opacity u-opacity-70 u-spacing-10 u-text-white u-carousel-control-2\" href=\"#carousel-5cca\" role=\"button\" data-u-slide=\"next\">\n                              <span aria-hidden=\"true\">\n                                <svg viewBox=\"0 0 451.846 451.847\"><path d=\"M345.441,248.292L151.154,442.573c-12.359,12.365-32.397,12.365-44.75,0c-12.354-12.354-12.354-32.391,0-44.744\nL278.318,225.92L106.409,54.017c-12.354-12.359-12.354-32.394,0-44.748c12.354-12.359,32.391-12.359,44.75,0l194.287,194.284\nc6.177,6.18,9.262,14.271,9.262,22.366C354.708,234.018,351.617,242.115,345.441,248.292z\"><\/path><\/svg>\n                              <\/span>\n                              <span class=\"sr-only\">\n                                <svg viewBox=\"0 0 451.846 451.847\"><path d=\"M345.441,248.292L151.154,442.573c-12.359,12.365-32.397,12.365-44.75,0c-12.354-12.354-12.354-32.391,0-44.744\nL278.318,225.92L106.409,54.017c-12.354-12.359-12.354-32.394,0-44.748c12.354-12.359,32.391-12.359,44.75,0l194.287,194.284\nc6.177,6.18,9.262,14.271,9.262,22.366C354.708,234.018,351.617,242.115,345.441,248.292z\"><\/path><\/svg>\n                              <\/span>\n                            <\/a>\n                          <\/div>\n                        <\/div>\n                      <\/div>\n                    <\/div>\n                  <\/div>\n                <\/div>\n              <\/div>\n            <\/div>\n          <\/div>\n        <\/div>\n        <div class=\"u-container-style u-group u-palette-5-base u-radius-50 u-shape-round u-group-1\" data-href=\"https:\/\/akrar.eu\/?page_id=473\" title=\"Kontakt\">\n          <div class=\"u-container-layout u-container-layout-3\">\n            <div class=\"u-image u-image-circle u-image-1\" alt=\"\" data-image-width=\"455\" data-image-height=\"456\" style=\"background-image: url(&quot;https:\/\/akrar.eu\/wp-content\/uploads\/2024\/05\/AK_12-klein.jpg&quot;);\"><\/div>\n            <p class=\"u-large-text u-text u-text-body-color u-text-default u-text-variant u-text-4\"> Ich berate Sie gerne.<br>Hier Kontakt aufnehmen.\n            <\/p>\n          <\/div>\n        <\/div>\n      <\/div>\n    <\/section>\n    \n    \n    \n  \n","protected":false},"excerpt":{"rendered":"<p>Der Unterfahrschutz f\u00fcr die Fronthydraulik Der Unterfahrschutz f\u00fcr die Fronthydrauliksicher \u2013 praktisch \u2013 funktional \u2013 stylisch Erh\u00e4ltlich in den Ausf\u00fchrungen: Basic (Unterfahrschutz mit kleiner Staukiste) Premium (Unterfahrschutz mit gro\u00dfer Staukiste) Connect (Unterfahrschutz zum Anschrauben an Frontgewicht) SafetyWeight 300kg bis 1.100kg (Frontgewicht mit Unterfahrschutz und integrierter Staukiste) SafetyWeight Plus 1.300 kg bis 2.500 kg (Frontgewicht mit &hellip; <a href=\"https:\/\/akrar.eu\/?page_id=731\" class=\"more-link\">Continue reading<span class=\"screen-reader-text\"> &#8222;Tractorbumper&#8220;<\/span><\/a><\/p>\n","protected":false},"author":2,"featured_media":0,"parent":0,"menu_order":0,"comment_status":"closed","ping_status":"closed","template":"","meta":{"_monsterinsights_skip_tracking":false,"_monsterinsights_sitenote_active":false,"_monsterinsights_sitenote_note":"","_monsterinsights_sitenote_category":0,"footnotes":""},"class_list":["post-731","page","type-page","status-publish","hentry"],"aioseo_notices":[],"_links":{"self":[{"href":"https:\/\/akrar.eu\/index.php?rest_route=\/wp\/v2\/pages\/731","targetHints":{"allow":["GET"]}}],"collection":[{"href":"https:\/\/akrar.eu\/index.php?rest_route=\/wp\/v2\/pages"}],"about":[{"href":"https:\/\/akrar.eu\/index.php?rest_route=\/wp\/v2\/types\/page"}],"author":[{"embeddable":true,"href":"https:\/\/akrar.eu\/index.php?rest_route=\/wp\/v2\/users\/2"}],"replies":[{"embeddable":true,"href":"https:\/\/akrar.eu\/index.php?rest_route=%2Fwp%2Fv2%2Fcomments&post=731"}],"version-history":[{"count":13,"href":"https:\/\/akrar.eu\/index.php?rest_route=\/wp\/v2\/pages\/731\/revisions"}],"predecessor-version":[{"id":841,"href":"https:\/\/akrar.eu\/index.php?rest_route=\/wp\/v2\/pages\/731\/revisions\/841"}],"wp:attachment":[{"href":"https:\/\/akrar.eu\/index.php?rest_route=%2Fwp%2Fv2%2Fmedia&parent=731"}],"curies":[{"name":"wp","href":"https:\/\/api.w.org\/{rel}","templated":true}]}}