{"id":755,"date":"2024-06-26T15:17:33","date_gmt":"2024-06-26T14:17:33","guid":{"rendered":"https:\/\/akrar.eu\/?page_id=755"},"modified":"2024-07-17T22:04:43","modified_gmt":"2024-07-17T21:04:43","slug":"tigges-2","status":"publish","type":"page","link":"https:\/\/akrar.eu\/?page_id=755","title":{"rendered":"Tigges"},"content":{"rendered":"\n    \n    <section class=\"u-clearfix u-image u-section-2\" id=\"carousel_25cb\" data-image-width=\"2137\" data-image-height=\"1441\" style=\"background-image: url(&quot;https:\/\/akrar.eu\/wp-content\/uploads\/2024\/06\/P1030476.jpg&quot;);\">\n      <div class=\"u-clearfix u-sheet u-sheet-1\">\n        <div class=\"custom-expanded u-align-left u-container-style u-group u-white u-group-1\" data-animation-name=\"customAnimationIn\" data-animation-duration=\"1500\" data-animation-delay=\"500\">\n          <div class=\"u-container-layout u-valign-top u-container-layout-1\">\n            <img decoding=\"async\" class=\"u-image u-image-default u-image-1\" src=\"https:\/\/akrar.eu\/wp-content\/uploads\/2024\/06\/logo-quer.png\" alt=\"\" data-image-width=\"650\" data-image-height=\"145\">\n            <h3 class=\"u-align-center u-text u-text-1\"> Stark in Sachen Guss&nbsp;<\/h3>\n          <\/div>\n        <\/div>\n      <\/div>\n    <\/section>\n    <section class=\"u-clearfix u-palette-1-base u-section-3\" id=\"sec-f2ae\">\n      <div class=\"u-clearfix u-sheet u-valign-middle-lg u-valign-middle-md u-valign-middle-sm u-valign-middle-xs u-sheet-1\">\n        <div class=\"data-layout-selected u-clearfix u-expanded-width u-gutter-10 u-layout-wrap u-layout-wrap-1\">\n          <div class=\"u-gutter-0 u-layout\">\n            <div class=\"u-layout-row\">\n              <div class=\"u-size-30 u-size-60-md\">\n                <div class=\"u-layout-col\">\n                  <div class=\"u-align-left u-container-style u-layout-cell u-right-cell u-size-60 u-white u-layout-cell-1\">\n                    <div class=\"u-container-layout u-container-layout-1\">\n                      <h4 class=\"u-text u-text-1\"> Stark in Sachen Guss<\/h4>\n                      <p class=\"u-text u-text-2\"> Mit Qualit\u00e4tsguss \u201emade in Germany\u201c aus der eigenen Gie\u00dferei und seiner jahrhundertelangen Erfahrung erreicht Tigges eine \u00fcberdurchschnittliche Langlebigkeit seiner Produkte.<\/p>\n                      <h5 class=\"u-text u-text-3\"> Produktprogramm:<\/h5>\n                      <ul class=\"u-text u-text-4\">\n                        <li> Frontpacker und Frontwalzen<\/li>\n                        <li>gezogene Walzen<\/li>\n                        <li>Pflugpacker<\/li>\n                        <li>Saatbettkombinationen<\/li>\n                        <li>Glattwalzen<\/li>\n                      <\/ul>\n                      <a href=\"https:\/\/tigges.com\/landmaschinen\" class=\"u-border-none u-btn u-button-style u-hover-palette-1-dark-1 u-palette-1-base u-btn-1\" target=\"_blank\">www.tigges.com\/landmaschinen<\/a>\n                      <p class=\"u-text u-text-5\"> F\u00fcr Tigges bin ich in Anstellung als Gebietsleiter f\u00fcr Bayern, Baden-W\u00fcrttemberg und das s\u00fcdliche Hessen zust\u00e4ndig. Der Verkauf erfolgt ausschlie\u00dflich \u00fcber dem \u00f6rtlichen Fachhandel.<\/p>\n                    <\/div>\n                  <\/div>\n                <\/div>\n              <\/div>\n              <div class=\"u-size-30 u-size-60-md\">\n                <div class=\"u-layout-col\">\n                  <div class=\"u-size-60\">\n                    <div class=\"u-layout-row\">\n                      <div class=\"u-align-left u-container-style u-layout-cell u-shape-rectangle u-size-60 u-layout-cell-2\" src=\"\">\n                        <div class=\"u-container-layout u-valign-bottom u-container-layout-2\" src=\"\">\n                          <div class=\"custom-expanded u-carousel u-gallery u-gallery-slider u-layout-carousel u-lightbox u-no-transition u-show-text-on-hover u-gallery-1\" id=\"carousel-ba90\" data-interval=\"5000\" data-u-ride=\"carousel\">\n                            <ol class=\"u-absolute-hcenter u-carousel-indicators u-carousel-indicators-1\">\n                              <li data-u-target=\"#carousel-ba90\" data-u-slide-to=\"0\" class=\"u-active u-grey-70 u-shape-circle\" style=\"width: 10px; height: 10px;\"><\/li>\n                              <li data-u-target=\"#carousel-ba90\" data-u-slide-to=\"1\" class=\"u-grey-70 u-shape-circle\" style=\"width: 10px; height: 10px;\"><\/li>\n                              <li data-u-target=\"#carousel-ba90\" data-u-slide-to=\"2\" class=\"u-grey-70 u-shape-circle\" style=\"width: 10px; height: 10px;\"><\/li>\n                              <li data-u-target=\"#carousel-ba90\" data-u-slide-to=\"3\" class=\"u-grey-70 u-shape-circle\" style=\"width: 10px; height: 10px;\"><\/li>\n                              <li data-u-target=\"#carousel-ba90\" data-u-slide-to=\"4\" class=\"u-grey-70 u-shape-circle\" style=\"width: 10px; height: 10px;\"><\/li>\n                              <li data-u-target=\"#carousel-ba90\" data-u-slide-to=\"5\" class=\"u-grey-70 u-shape-circle\" style=\"width: 10px; height: 10px;\"><\/li>\n                              <li data-u-target=\"#carousel-ba90\" data-u-slide-to=\"6\" class=\"u-grey-70 u-shape-circle\" style=\"width: 10px; height: 10px;\"><\/li>\n                              <li data-u-target=\"#carousel-ba90\" data-u-slide-to=\"7\" class=\"u-grey-70 u-shape-circle\" style=\"width: 10px; height: 10px;\"><\/li>\n                              <li data-u-target=\"#carousel-ba90\" data-u-slide-to=\"8\" class=\"u-grey-70 u-shape-circle\" style=\"width: 10px; height: 10px;\"><\/li>\n                              <li data-u-target=\"#carousel-ba90\" data-u-slide-to=\"9\" class=\"u-grey-70 u-shape-circle\" style=\"width: 10px; height: 10px;\"><\/li>\n                            <\/ol>\n                            <div class=\"u-carousel-inner u-gallery-inner\" role=\"listbox\">\n                              <div class=\"u-active u-carousel-item u-effect-fade u-gallery-item u-carousel-item-1\" data-image-width=\"1139\" data-image-height=\"786\">\n                                <div class=\"u-back-slide\">\n                                  <img decoding=\"async\" class=\"u-back-image u-expanded\" src=\"https:\/\/akrar.eu\/wp-content\/uploads\/2024\/06\/TitelNautilus2.jpg\">\n                                <\/div>\n                                <div class=\"u-align-center u-over-slide u-shading u-valign-bottom u-over-slide-1\"><\/div>\n                                <style data-mode=\"XL\"><\/style>\n                                <style data-mode=\"LG\"><\/style>\n                                <style data-mode=\"MD\"><\/style>\n                                <style data-mode=\"SM\"><\/style>\n                                <style data-mode=\"XS\"><\/style>\n                              <\/div>\n                              <div class=\"u-carousel-item u-effect-fade u-gallery-item u-carousel-item-2\">\n                                <div class=\"u-back-slide\" data-image-width=\"2560\" data-image-height=\"1845\">\n                                  <img decoding=\"async\" class=\"u-back-image u-expanded\" src=\"https:\/\/akrar.eu\/wp-content\/uploads\/2024\/06\/DSC00531_NAU945Kopie-scaled.jpg\">\n                                <\/div>\n                                <div class=\"u-align-center u-over-slide u-shading u-valign-bottom u-over-slide-2\"><\/div>\n                              <\/div>\n                              <div class=\"u-carousel-item u-effect-fade u-gallery-item u-carousel-item-3\" data-image-width=\"1296\" data-image-height=\"972\">\n                                <div class=\"u-back-slide\">\n                                  <img decoding=\"async\" class=\"u-back-image u-expanded\" src=\"https:\/\/akrar.eu\/wp-content\/uploads\/2024\/06\/TiggesgezogeneCambridge-WalzeCHY.jpg\">\n                                <\/div>\n                                <div class=\"u-align-center u-over-slide u-shading u-valign-bottom u-over-slide-3\"><\/div>\n                                <style data-mode=\"XL\"><\/style>\n                                <style data-mode=\"LG\"><\/style>\n                                <style data-mode=\"MD\"><\/style>\n                                <style data-mode=\"SM\"><\/style>\n                                <style data-mode=\"XS\"><\/style>\n                              <\/div>\n                              <div class=\"u-carousel-item u-effect-fade u-gallery-item u-carousel-item-4\" data-image-width=\"1097\" data-image-height=\"721\">\n                                <div class=\"u-back-slide\">\n                                  <img decoding=\"async\" class=\"u-back-image u-expanded\" src=\"https:\/\/akrar.eu\/wp-content\/uploads\/2024\/06\/DF65-300FH-Camcross.jpg\">\n                                <\/div>\n                                <div class=\"u-align-center u-over-slide u-shading u-valign-bottom u-over-slide-4\"><\/div>\n                                <style data-mode=\"XL\"><\/style>\n                                <style data-mode=\"LG\"><\/style>\n                                <style data-mode=\"MD\"><\/style>\n                                <style data-mode=\"SM\"><\/style>\n                                <style data-mode=\"XS\"><\/style>\n                              <\/div>\n                              <div class=\"u-carousel-item u-effect-fade u-gallery-item u-carousel-item-5\" data-image-width=\"1024\" data-image-height=\"706\">\n                                <div class=\"u-back-slide\">\n                                  <img decoding=\"async\" class=\"u-back-image u-expanded\" src=\"https:\/\/akrar.eu\/wp-content\/uploads\/2024\/06\/20180420_092300-e1524719518855.jpg\">\n                                <\/div>\n                                <div class=\"u-align-center u-over-slide u-shading u-valign-bottom u-over-slide-5\"><\/div>\n                                <style data-mode=\"XL\"><\/style>\n                                <style data-mode=\"LG\"><\/style>\n                                <style data-mode=\"MD\"><\/style>\n                                <style data-mode=\"SM\"><\/style>\n                                <style data-mode=\"XS\"><\/style>\n                              <\/div>\n                              <div class=\"u-carousel-item u-effect-fade u-gallery-item u-carousel-item-6\" data-image-width=\"2560\" data-image-height=\"1709\">\n                                <div class=\"u-back-slide\">\n                                  <img decoding=\"async\" class=\"u-back-image u-expanded\" src=\"https:\/\/akrar.eu\/wp-content\/uploads\/2024\/06\/P1030508-scaled.jpg\">\n                                <\/div>\n                                <div class=\"u-align-center u-over-slide u-shading u-valign-bottom u-over-slide-6\"><\/div>\n                                <style data-mode=\"XL\"><\/style>\n                                <style data-mode=\"LG\"><\/style>\n                                <style data-mode=\"MD\"><\/style>\n                                <style data-mode=\"SM\"><\/style>\n                                <style data-mode=\"XS\"><\/style>\n                              <\/div>\n                              <div class=\"u-carousel-item u-effect-fade u-gallery-item u-carousel-item-7\" data-image-width=\"2024\" data-image-height=\"789\">\n                                <div class=\"u-back-slide\">\n                                  <img decoding=\"async\" class=\"u-back-image u-expanded\" src=\"https:\/\/akrar.eu\/wp-content\/uploads\/2024\/06\/Tigges-_Untergrundpacker-0.jpg\">\n                                <\/div>\n                                <div class=\"u-align-center u-over-slide u-shading u-valign-bottom u-over-slide-7\"><\/div>\n                                <style data-mode=\"XL\"><\/style>\n                                <style data-mode=\"LG\"><\/style>\n                                <style data-mode=\"MD\"><\/style>\n                                <style data-mode=\"SM\"><\/style>\n                                <style data-mode=\"XS\"><\/style>\n                              <\/div>\n                              <div class=\"u-carousel-item u-effect-fade u-gallery-item u-carousel-item-8\" data-image-width=\"2488\" data-image-height=\"751\">\n                                <div class=\"u-back-slide\">\n                                  <img decoding=\"async\" class=\"u-back-image u-expanded\" src=\"https:\/\/akrar.eu\/wp-content\/uploads\/2024\/06\/Tigges-Hydraulikwalzen-2019-12.jpg\">\n                                <\/div>\n                                <div class=\"u-align-center u-over-slide u-shading u-valign-bottom u-over-slide-8\"><\/div>\n                                <style data-mode=\"XL\"><\/style>\n                                <style data-mode=\"LG\"><\/style>\n                                <style data-mode=\"MD\"><\/style>\n                                <style data-mode=\"SM\"><\/style>\n                                <style data-mode=\"XS\"><\/style>\n                              <\/div>\n                              <div class=\"u-carousel-item u-effect-fade u-gallery-item u-carousel-item-9\" data-image-width=\"1024\" data-image-height=\"768\">\n                                <div class=\"u-back-slide\">\n                                  <img decoding=\"async\" class=\"u-back-image u-expanded\" src=\"https:\/\/akrar.eu\/wp-content\/uploads\/2024\/06\/TiggesMaxipac.jpg\">\n                                <\/div>\n                                <div class=\"u-align-center u-over-slide u-shading u-valign-bottom u-over-slide-9\"><\/div>\n                                <style data-mode=\"XL\"><\/style>\n                                <style data-mode=\"LG\"><\/style>\n                                <style data-mode=\"MD\"><\/style>\n                                <style data-mode=\"SM\"><\/style>\n                                <style data-mode=\"XS\"><\/style>\n                              <\/div>\n                              <div class=\"u-carousel-item u-effect-fade u-gallery-item u-carousel-item-10\" data-image-width=\"2560\" data-image-height=\"1709\">\n                                <div class=\"u-back-slide\">\n                                  <img decoding=\"async\" class=\"u-back-image u-expanded\" src=\"https:\/\/akrar.eu\/wp-content\/uploads\/2024\/06\/P1030506-scaled.jpg\">\n                                <\/div>\n                                <div class=\"u-align-center u-over-slide u-shading u-valign-bottom u-over-slide-10\"><\/div>\n                                <style data-mode=\"XL\"><\/style>\n                                <style data-mode=\"LG\"><\/style>\n                                <style data-mode=\"MD\"><\/style>\n                                <style data-mode=\"SM\"><\/style>\n                                <style data-mode=\"XS\"><\/style>\n                              <\/div>\n                            <\/div>\n                            <a class=\"u-absolute-vcenter u-carousel-control u-carousel-control-prev u-grey-70 u-icon-circle u-opacity u-opacity-70 u-spacing-10 u-text-white u-carousel-control-1\" href=\"#carousel-ba90\" role=\"button\" data-u-slide=\"prev\">\n                              <span aria-hidden=\"true\">\n                                <svg viewBox=\"0 0 451.847 451.847\"><path d=\"M97.141,225.92c0-8.095,3.091-16.192,9.259-22.366L300.689,9.27c12.359-12.359,32.397-12.359,44.751,0\nc12.354,12.354,12.354,32.388,0,44.748L173.525,225.92l171.903,171.909c12.354,12.354,12.354,32.391,0,44.744\nc-12.354,12.365-32.386,12.365-44.745,0l-194.29-194.281C100.226,242.115,97.141,234.018,97.141,225.92z\"><\/path><\/svg>\n                              <\/span>\n                              <span class=\"sr-only\">\n                                <svg viewBox=\"0 0 451.847 451.847\"><path d=\"M97.141,225.92c0-8.095,3.091-16.192,9.259-22.366L300.689,9.27c12.359-12.359,32.397-12.359,44.751,0\nc12.354,12.354,12.354,32.388,0,44.748L173.525,225.92l171.903,171.909c12.354,12.354,12.354,32.391,0,44.744\nc-12.354,12.365-32.386,12.365-44.745,0l-194.29-194.281C100.226,242.115,97.141,234.018,97.141,225.92z\"><\/path><\/svg>\n                              <\/span>\n                            <\/a>\n                            <a class=\"u-absolute-vcenter u-carousel-control u-carousel-control-next u-grey-70 u-icon-circle u-opacity u-opacity-70 u-spacing-10 u-text-white u-carousel-control-2\" href=\"#carousel-ba90\" role=\"button\" data-u-slide=\"next\">\n                              <span aria-hidden=\"true\">\n                                <svg viewBox=\"0 0 451.846 451.847\"><path d=\"M345.441,248.292L151.154,442.573c-12.359,12.365-32.397,12.365-44.75,0c-12.354-12.354-12.354-32.391,0-44.744\nL278.318,225.92L106.409,54.017c-12.354-12.359-12.354-32.394,0-44.748c12.354-12.359,32.391-12.359,44.75,0l194.287,194.284\nc6.177,6.18,9.262,14.271,9.262,22.366C354.708,234.018,351.617,242.115,345.441,248.292z\"><\/path><\/svg>\n                              <\/span>\n                              <span class=\"sr-only\">\n                                <svg viewBox=\"0 0 451.846 451.847\"><path d=\"M345.441,248.292L151.154,442.573c-12.359,12.365-32.397,12.365-44.75,0c-12.354-12.354-12.354-32.391,0-44.744\nL278.318,225.92L106.409,54.017c-12.354-12.359-12.354-32.394,0-44.748c12.354-12.359,32.391-12.359,44.75,0l194.287,194.284\nc6.177,6.18,9.262,14.271,9.262,22.366C354.708,234.018,351.617,242.115,345.441,248.292z\"><\/path><\/svg>\n                              <\/span>\n                            <\/a>\n                          <\/div>\n                        <\/div>\n                      <\/div>\n                    <\/div>\n                  <\/div>\n                <\/div>\n              <\/div>\n            <\/div>\n          <\/div>\n        <\/div>\n        <div class=\"u-container-style u-group u-palette-5-base u-radius-50 u-shape-round u-group-1\" data-href=\"https:\/\/akrar.eu\/?page_id=473\" title=\"Kontakt\">\n          <div class=\"u-container-layout u-container-layout-3\">\n            <div class=\"u-image u-image-circle u-image-1\" alt=\"\" data-image-width=\"455\" data-image-height=\"456\" style=\"background-image: url(&quot;https:\/\/akrar.eu\/wp-content\/uploads\/2024\/05\/AK_12-klein.jpg&quot;);\"><\/div>\n            <p class=\"u-large-text u-text u-text-body-color u-text-default u-text-variant u-text-6\"> Ich berate Sie gerne.<br>Hier Kontakt aufnehmen.\n            <\/p>\n          <\/div>\n        <\/div>\n      <\/div>\n    <\/section>\n    \n    \n    \n  \n","protected":false},"excerpt":{"rendered":"<p>Stark in Sachen Guss&nbsp; Stark in Sachen Guss Mit Qualit\u00e4tsguss \u201emade in Germany\u201c aus der eigenen Gie\u00dferei und seiner jahrhundertelangen Erfahrung erreicht Tigges eine \u00fcberdurchschnittliche Langlebigkeit seiner Produkte. Produktprogramm: Frontpacker und Frontwalzen gezogene Walzen Pflugpacker Saatbettkombinationen Glattwalzen www.tigges.com\/landmaschinen F\u00fcr Tigges bin ich in Anstellung als Gebietsleiter f\u00fcr Bayern, Baden-W\u00fcrttemberg und das s\u00fcdliche Hessen zust\u00e4ndig. Der &hellip; <a href=\"https:\/\/akrar.eu\/?page_id=755\" class=\"more-link\">Continue reading<span class=\"screen-reader-text\"> &#8222;Tigges&#8220;<\/span><\/a><\/p>\n","protected":false},"author":2,"featured_media":0,"parent":0,"menu_order":0,"comment_status":"closed","ping_status":"closed","template":"","meta":{"_monsterinsights_skip_tracking":false,"_monsterinsights_sitenote_active":false,"_monsterinsights_sitenote_note":"","_monsterinsights_sitenote_category":0,"footnotes":""},"class_list":["post-755","page","type-page","status-publish","hentry"],"aioseo_notices":[],"_links":{"self":[{"href":"https:\/\/akrar.eu\/index.php?rest_route=\/wp\/v2\/pages\/755","targetHints":{"allow":["GET"]}}],"collection":[{"href":"https:\/\/akrar.eu\/index.php?rest_route=\/wp\/v2\/pages"}],"about":[{"href":"https:\/\/akrar.eu\/index.php?rest_route=\/wp\/v2\/types\/page"}],"author":[{"embeddable":true,"href":"https:\/\/akrar.eu\/index.php?rest_route=\/wp\/v2\/users\/2"}],"replies":[{"embeddable":true,"href":"https:\/\/akrar.eu\/index.php?rest_route=%2Fwp%2Fv2%2Fcomments&post=755"}],"version-history":[{"count":10,"href":"https:\/\/akrar.eu\/index.php?rest_route=\/wp\/v2\/pages\/755\/revisions"}],"predecessor-version":[{"id":846,"href":"https:\/\/akrar.eu\/index.php?rest_route=\/wp\/v2\/pages\/755\/revisions\/846"}],"wp:attachment":[{"href":"https:\/\/akrar.eu\/index.php?rest_route=%2Fwp%2Fv2%2Fmedia&parent=755"}],"curies":[{"name":"wp","href":"https:\/\/api.w.org\/{rel}","templated":true}]}}